{"id":2093,"date":"2020-09-22T05:53:47","date_gmt":"2020-09-22T05:53:47","guid":{"rendered":"https:\/\/gvs-ma.de\/?page_id=2093"},"modified":"2022-12-19T14:48:02","modified_gmt":"2022-12-19T12:48:02","slug":"impressum","status":"publish","type":"page","link":"https:\/\/gvs-ma.de\/en\/impressum\/","title":{"rendered":"Legal notice"},"content":{"rendered":"<div data-elementor-type=\"wp-page\" data-elementor-id=\"2093\" class=\"elementor elementor-2093\" data-elementor-post-type=\"page\">\n\t\t\t\t\t\t<section class=\"elementor-section elementor-top-section elementor-element elementor-element-69f3e6f elementor-section-height-min-height elementor-section-boxed elementor-section-height-default elementor-section-items-middle\" data-id=\"69f3e6f\" data-element_type=\"section\" data-e-type=\"section\" data-settings=\"{&quot;background_background&quot;:&quot;classic&quot;,&quot;shape_divider_bottom&quot;:&quot;opacity-tilt&quot;}\">\n\t\t\t\t\t\t\t<div class=\"elementor-background-overlay\"><\/div>\n\t\t\t\t\t\t<div class=\"elementor-shape elementor-shape-bottom\" aria-hidden=\"true\" data-negative=\"false\">\n\t\t\t<svg xmlns=\"http:\/\/www.w3.org\/2000\/svg\" viewbox=\"0 0 2600 131.1\" preserveaspectratio=\"none\">\n\t<path class=\"elementor-shape-fill\" d=\"M0 0L2600 0 2600 69.1 0 0z\"\/>\n\t<path class=\"elementor-shape-fill\" style=\"opacity:0.5\" d=\"M0 0L2600 0 2600 69.1 0 69.1z\"\/>\n\t<path class=\"elementor-shape-fill\" style=\"opacity:0.25\" d=\"M2600 0L0 0 0 130.1 2600 69.1z\"\/>\n<\/svg>\t\t<\/div>\n\t\t\t\t\t<div class=\"elementor-container elementor-column-gap-default\">\n\t\t\t\t\t<div class=\"elementor-column elementor-col-100 elementor-top-column elementor-element elementor-element-c17a3e6\" data-id=\"c17a3e6\" data-element_type=\"column\" data-e-type=\"column\" data-settings=\"{&quot;background_background&quot;:&quot;classic&quot;}\">\n\t\t\t<div class=\"elementor-widget-wrap elementor-element-populated\">\n\t\t\t\t\t\t<div class=\"elementor-element elementor-element-e467aea elementor-widget elementor-widget-heading\" data-id=\"e467aea\" data-element_type=\"widget\" data-e-type=\"widget\" data-widget_type=\"heading.default\">\n\t\t\t\t<div class=\"elementor-widget-container\">\n\t\t\t\t\t<h1 class=\"elementor-heading-title elementor-size-default\">Legal notice<\/h1>\t\t\t\t<\/div>\n\t\t\t\t<\/div>\n\t\t\t\t\t<\/div>\n\t\t<\/div>\n\t\t\t\t\t<\/div>\n\t\t<\/section>\n\t\t\t\t<section class=\"elementor-section elementor-top-section elementor-element elementor-element-d839ed0 elementor-section-boxed elementor-section-height-default elementor-section-height-default\" data-id=\"d839ed0\" data-element_type=\"section\" data-e-type=\"section\" data-settings=\"{&quot;background_background&quot;:&quot;classic&quot;}\">\n\t\t\t\t\t\t<div class=\"elementor-container elementor-column-gap-default\">\n\t\t\t\t\t<div class=\"elementor-column elementor-col-100 elementor-top-column elementor-element elementor-element-0e00ee2\" data-id=\"0e00ee2\" data-element_type=\"column\" data-e-type=\"column\">\n\t\t\t<div class=\"elementor-widget-wrap elementor-element-populated\">\n\t\t\t\t\t\t<div class=\"elementor-element elementor-element-fb038c5 elementor-widget elementor-widget-heading\" data-id=\"fb038c5\" data-element_type=\"widget\" data-e-type=\"widget\" data-widget_type=\"heading.default\">\n\t\t\t\t<div class=\"elementor-widget-container\">\n\t\t\t\t\t<h2 class=\"elementor-heading-title elementor-size-default\">Legal notice<\/h2>\t\t\t\t<\/div>\n\t\t\t\t<\/div>\n\t\t\t\t<div class=\"elementor-element elementor-element-3e1164a elementor-widget elementor-widget-text-editor\" data-id=\"3e1164a\" data-element_type=\"widget\" data-e-type=\"widget\" data-widget_type=\"text-editor.default\">\n\t\t\t\t<div class=\"elementor-widget-container\">\n\t\t\t\t\t\t\t\t\t<p>G.V.S. Gesellschaft f\u00fcr die Verwertung von Sonderabf\u00e4llen mbH &amp; Co. KG<br \/>Otto-Hahn-Stra\u00dfe 50<br \/>68169 Mannheim<br \/>Deutschland<\/p><p>Telefon: +496213221-6<br \/>E-Mail: info@gvs-ma.de<\/p><p>Register Court: Mannheim District Court<br \/>Registration number: HRA 5080<\/p><p>GVS Gesellschaft zur Verwertung von Sonderabf\u00e4llen GmbH &amp; Co. KG is represented by its personally liable partner: GVS Verwaltungsgesellschaft f\u00fcr die Verwertung von Sonderabf\u00e4llen mbH, Register Court: Mannheim District Court, HRB 10103. This is represented by the Managing Directors: Jens Pa\u00dfmann, Uwe Henninger, Dr. Ralph Wegner<\/p><p>Value added tax identification number according to Section 27 a, Umsatzsteuergesetz (German Value Added Tax Act): DE 148422936<\/p><p>Platform of the EU Commission for online dispute resolution: https:\/\/ec.europa.eu\/odr<\/p><p>Wir sind zur Teilnahme an einem Streitbeilegungsverfahren vor einer Verbraucherschlichtungsstelle weder verpflichtet noch bereit.<\/p>\t\t\t\t\t\t\t\t<\/div>\n\t\t\t\t<\/div>\n\t\t\t\t\t<\/div>\n\t\t<\/div>\n\t\t\t\t\t<\/div>\n\t\t<\/section>\n\t\t\t\t<section class=\"elementor-section elementor-top-section elementor-element elementor-element-77c5067 elementor-section-boxed elementor-section-height-default elementor-section-height-default\" data-id=\"77c5067\" data-element_type=\"section\" data-e-type=\"section\">\n\t\t\t\t\t\t<div class=\"elementor-container elementor-column-gap-default\">\n\t\t\t\t\t<div class=\"elementor-column elementor-col-100 elementor-top-column elementor-element elementor-element-2cfdbd3\" data-id=\"2cfdbd3\" data-element_type=\"column\" data-e-type=\"column\">\n\t\t\t<div class=\"elementor-widget-wrap elementor-element-populated\">\n\t\t\t\t\t\t<div class=\"elementor-element elementor-element-ebb6322 elementor-widget elementor-widget-heading\" data-id=\"ebb6322\" data-element_type=\"widget\" data-e-type=\"widget\" data-widget_type=\"heading.default\">\n\t\t\t\t<div class=\"elementor-widget-container\">\n\t\t\t\t\t<h2 class=\"elementor-heading-title elementor-size-default\">Image credits\n<\/h2>\t\t\t\t<\/div>\n\t\t\t\t<\/div>\n\t\t\t\t<div class=\"elementor-element elementor-element-3be6e02 elementor-widget elementor-widget-text-editor\" data-id=\"3be6e02\" data-element_type=\"widget\" data-e-type=\"widget\" data-widget_type=\"text-editor.default\">\n\t\t\t\t<div class=\"elementor-widget-container\">\n\t\t\t\t\t\t\t\t\t<ul><li><a href=\"https:\/\/unsplash.com\/photos\/45sjAjSjArQ\" target=\"_blank\" rel=\"noopener\">https:\/\/unsplash.com\/photos\/45sjAjSjArQ<\/a><\/li><li><a href=\"https:\/\/universitybusiness.com\/wp-content\/uploads\/2019\/07\/Hazard.png\" target=\"_blank\" rel=\"noopener\">https:\/\/universitybusiness.com\/wp-content\/uploads\/2019\/07\/Hazard.png<\/a><\/li><li><a href=\"https:\/\/5.imimg.com\/data5\/PE\/GZ\/OC\/SELLER-4610551\/industrial-tank-cleaning-services-500x500.png\" target=\"_blank\" rel=\"noopener\">https:\/\/5.imimg.com\/data5\/PE\/GZ\/OC\/SELLER-4610551\/industrial-tank-cleaning-services-500&#215;500.png<\/a><\/li><li><a href=\"https:\/\/image.freepik.com\/free-photo\/man-coveralls-trash-pill-doing-research-concept-ecology-environmental-pollution_1157-48525.jpg\" target=\"_blank\" rel=\"noopener\">https:\/\/image.freepik.com\/free-photo\/man-coveralls-trash-pill-doing-research-concept-ecology-environmental-pollution_1157-48525.jpg<\/a><\/li><li><a href=\"https:\/\/www.istockphoto.com\/photo\/periodic-table-rhodium-gm466937411-34265708\" target=\"_blank\" rel=\"noopener\">https:\/\/www.istockphoto.com\/photo\/periodic-table-rhodium-gm466937411-34265708<\/a><\/li><li><a href=\"https:\/\/www.istockphoto.com\/photo\/business-hero-gm172677739-4990516\" target=\"_blank\" rel=\"noopener\">https:\/\/www.istockphoto.com\/photo\/business-hero-gm172677739-4990516<\/a><\/li><li><a href=\"https:\/\/www.istockphoto.com\/photo\/determination-gm109721552-11215214\" target=\"_blank\" rel=\"noopener\">https:\/\/www.istockphoto.com\/photo\/determination-gm109721552-11215214<\/a><\/li><li><a href=\"https:\/\/www.istockphoto.com\/photo\/a-car-and-a-calendar-with-the-date-for-a-technical-inspection-t%C3%BCv-gm1334450679-416566964\" target=\"_blank\" rel=\"noopener\">https:\/\/www.istockphoto.com\/photo\/a-car-and-a-calendar-with-the-date-for-a-technical-inspection-t%C3%BCv-gm1334450679-416566964<\/a><\/li><li><a href=\"https:\/\/www.shutterstock.com\/image-illustration\/iodomethane-methyliodide-mei-pesticide-soil-disinfectant-131942537\" target=\"_blank\" rel=\"noopener\">https:\/\/www.shutterstock.com\/image-illustration\/iodomethane-methyliodide-mei-pesticide-soil-disinfectant-131942537<\/a><\/li><li><a href=\"https:\/\/www.istockphoto.com\/photo\/sign-customs-customs-gm639306502-115138711\" target=\"_blank\" rel=\"noopener\">https:\/\/www.istockphoto.com\/photo\/sign-customs-customs-gm639306502-115138711<\/a><\/li><li><a href=\"https:\/\/www.istockphoto.com\/photo\/chauffeur-opening-closing-luxury-car-door-gm136899346-18880053\" target=\"_blank\" rel=\"noopener\">https:\/\/www.istockphoto.com\/photo\/chauffeur-opening-closing-luxury-car-door-gm136899346-18880053<\/a><\/li><li><a href=\"https:\/\/www.istockphoto.com\/photo\/industrial-shipping-port-in-morocco-gm1180260798-330587849\" target=\"_blank\" rel=\"noopener\">https:\/\/www.istockphoto.com\/photo\/industrial-shipping-port-in-morocco-gm1180260798-330587849<\/a><\/li><li><a href=\"https:\/\/www.istockphoto.com\/photo\/business-network-concept-gm1068618692-285847493\" target=\"_blank\" rel=\"noopener\">https:\/\/www.istockphoto.com\/photo\/business-network-concept-gm1068618692-285847493<\/a><\/li><li><a href=\"https:\/\/www.istockphoto.com\/photo\/flammable-liquid-gm184110893-1731378\" target=\"_blank\" rel=\"noopener\">https:\/\/www.istockphoto.com\/photo\/flammable-liquid-gm184110893-1731378<\/a><\/li><li><a href=\"https:\/\/www.istockphoto.com\/photo\/danger-hazardous-chemicals-sign-on-a-barrel-gm182418467-11621652\" target=\"_blank\" rel=\"noopener\">https:\/\/www.istockphoto.com\/photo\/danger-hazardous-chemicals-sign-on-a-barrel-gm182418467-11621652<\/a><\/li><li><a href=\"https:\/\/www.istockphoto.com\/photo\/chemicals-in-test-tubes-and-symbols-used-in-laboratory-gm1355779437-430150428\" target=\"_blank\" rel=\"noopener\">https:\/\/www.istockphoto.com\/photo\/chemicals-in-test-tubes-and-symbols-used-in-laboratory-gm1355779437-430150428<\/a><\/li><li><a href=\"https:\/\/www.istockphoto.com\/photo\/chemical-factory-gm469445266-61599974\" target=\"_blank\" rel=\"noopener\">https:\/\/www.istockphoto.com\/photo\/chemical-factory-gm469445266-61599974<\/a><\/li><li><a href=\"https:\/\/www.istockphoto.com\/photo\/conveyor-for-painting-large-sheets-of-metal-lots-of-paint-spray-nozzles-gm1345864217-423803200\" target=\"_blank\" rel=\"noopener\">https:\/\/www.istockphoto.com\/photo\/conveyor-for-painting-large-sheets-of-metal-lots-of-paint-spray-nozzles-gm1345864217-423803200<\/a><\/li><li><a href=\"https:\/\/www.istockphoto.com\/vector\/hand-drawn-sights-of-europe-on-blackboard-gm477177118-66714939\" target=\"_blank\" rel=\"noopener\">https:\/\/www.istockphoto.com\/vector\/hand-drawn-sights-of-europe-on-blackboard-gm477177118-66714939<\/a><\/li><\/ul>\t\t\t\t\t\t\t\t<\/div>\n\t\t\t\t<\/div>\n\t\t\t\t\t<\/div>\n\t\t<\/div>\n\t\t\t\t\t<\/div>\n\t\t<\/section>\n\t\t\t\t<\/div>","protected":false},"excerpt":{"rendered":"<p>Impressum Impressum G.V.S. Gesellschaft f\u00fcr die Verwertung von Sonderabf\u00e4llen mbH &amp; Co. KGOtto-Hahn-Stra\u00dfe 5068169 MannheimDeutschland Telefon: +496213221-6E-Mail: info@gvs-ma.de Registergericht: Amtsgericht MannheimRegisternummer: HRA 5080 Die G.V.S. Gesellschaft f\u00fcr die Verwertung von Sonderabf\u00e4llen mbH &amp; Co. KG wird vertreten durch die pers\u00f6nlich haftende Gesellschafterin: G.V.S. Verwaltungsgesellschaft f\u00fcr die Verwertung von Sonderabf\u00e4llen mbH, Registergericht: Amtsgericht Mannheim, HRB 10103. [&hellip;]<\/p>\n","protected":false},"author":1,"featured_media":0,"parent":0,"menu_order":0,"comment_status":"closed","ping_status":"closed","template":"elementor_header_footer","meta":{"footnotes":""},"class_list":["post-2093","page","type-page","status-publish","hentry"],"_links":{"self":[{"href":"https:\/\/gvs-ma.de\/en\/wp-json\/wp\/v2\/pages\/2093","targetHints":{"allow":["GET"]}}],"collection":[{"href":"https:\/\/gvs-ma.de\/en\/wp-json\/wp\/v2\/pages"}],"about":[{"href":"https:\/\/gvs-ma.de\/en\/wp-json\/wp\/v2\/types\/page"}],"author":[{"embeddable":true,"href":"https:\/\/gvs-ma.de\/en\/wp-json\/wp\/v2\/users\/1"}],"replies":[{"embeddable":true,"href":"https:\/\/gvs-ma.de\/en\/wp-json\/wp\/v2\/comments?post=2093"}],"version-history":[{"count":150,"href":"https:\/\/gvs-ma.de\/en\/wp-json\/wp\/v2\/pages\/2093\/revisions"}],"predecessor-version":[{"id":11253,"href":"https:\/\/gvs-ma.de\/en\/wp-json\/wp\/v2\/pages\/2093\/revisions\/11253"}],"wp:attachment":[{"href":"https:\/\/gvs-ma.de\/en\/wp-json\/wp\/v2\/media?parent=2093"}],"curies":[{"name":"wp","href":"https:\/\/api.w.org\/{rel}","templated":true}]}}