{"id":2095,"date":"2020-09-22T05:55:02","date_gmt":"2020-09-22T05:55:02","guid":{"rendered":"https:\/\/gvs-ma.de\/?page_id=2095"},"modified":"2023-01-25T16:18:47","modified_gmt":"2023-01-25T14:18:47","slug":"datenschutz","status":"publish","type":"page","link":"https:\/\/gvs-ma.de\/en\/datenschutz\/","title":{"rendered":"Privacy policy"},"content":{"rendered":"<div data-elementor-type=\"wp-page\" data-elementor-id=\"2095\" class=\"elementor elementor-2095\" data-elementor-post-type=\"page\">\n\t\t\t\t\t\t<section class=\"elementor-section elementor-top-section elementor-element elementor-element-1e50816 elementor-section-height-min-height elementor-section-boxed elementor-section-height-default elementor-section-items-middle\" data-id=\"1e50816\" data-element_type=\"section\" data-e-type=\"section\" data-settings=\"{&quot;background_background&quot;:&quot;classic&quot;,&quot;shape_divider_bottom&quot;:&quot;opacity-tilt&quot;}\">\n\t\t\t\t\t\t\t<div class=\"elementor-background-overlay\"><\/div>\n\t\t\t\t\t\t<div class=\"elementor-shape elementor-shape-bottom\" aria-hidden=\"true\" data-negative=\"false\">\n\t\t\t<svg xmlns=\"http:\/\/www.w3.org\/2000\/svg\" viewbox=\"0 0 2600 131.1\" preserveaspectratio=\"none\">\n\t<path class=\"elementor-shape-fill\" d=\"M0 0L2600 0 2600 69.1 0 0z\"\/>\n\t<path class=\"elementor-shape-fill\" style=\"opacity:0.5\" d=\"M0 0L2600 0 2600 69.1 0 69.1z\"\/>\n\t<path class=\"elementor-shape-fill\" style=\"opacity:0.25\" d=\"M2600 0L0 0 0 130.1 2600 69.1z\"\/>\n<\/svg>\t\t<\/div>\n\t\t\t\t\t<div class=\"elementor-container elementor-column-gap-default\">\n\t\t\t\t\t<div class=\"elementor-column elementor-col-100 elementor-top-column elementor-element elementor-element-44b0a82\" data-id=\"44b0a82\" data-element_type=\"column\" data-e-type=\"column\" data-settings=\"{&quot;background_background&quot;:&quot;classic&quot;}\">\n\t\t\t<div class=\"elementor-widget-wrap elementor-element-populated\">\n\t\t\t\t\t\t<div class=\"elementor-element elementor-element-7345db1 elementor-widget elementor-widget-heading\" data-id=\"7345db1\" data-element_type=\"widget\" data-e-type=\"widget\" data-widget_type=\"heading.default\">\n\t\t\t\t<div class=\"elementor-widget-container\">\n\t\t\t\t\t<h1 class=\"elementor-heading-title elementor-size-default\">Privacy policy<\/h1>\t\t\t\t<\/div>\n\t\t\t\t<\/div>\n\t\t\t\t\t<\/div>\n\t\t<\/div>\n\t\t\t\t\t<\/div>\n\t\t<\/section>\n\t\t\t\t<section class=\"elementor-section elementor-top-section elementor-element elementor-element-5799ee0 elementor-section-boxed elementor-section-height-default elementor-section-height-default\" data-id=\"5799ee0\" data-element_type=\"section\" data-e-type=\"section\" data-settings=\"{&quot;background_background&quot;:&quot;classic&quot;}\">\n\t\t\t\t\t\t<div class=\"elementor-container elementor-column-gap-default\">\n\t\t\t\t\t<div class=\"elementor-column elementor-col-100 elementor-top-column elementor-element elementor-element-af54db2\" data-id=\"af54db2\" data-element_type=\"column\" data-e-type=\"column\">\n\t\t\t<div class=\"elementor-widget-wrap elementor-element-populated\">\n\t\t\t\t\t\t<div class=\"elementor-element elementor-element-5462c52 elementor-widget-divider--view-line_text elementor-widget-divider--element-align-left separetor elementor-invisible elementor-widget elementor-widget-divider\" data-id=\"5462c52\" data-element_type=\"widget\" data-e-type=\"widget\" data-settings=\"{&quot;_animation&quot;:&quot;slideInUp&quot;,&quot;_animation_delay&quot;:300}\" data-widget_type=\"divider.default\">\n\t\t\t\t<div class=\"elementor-widget-container\">\n\t\t\t\t\t\t\t<div class=\"elementor-divider\">\n\t\t\t<span class=\"elementor-divider-separator\">\n\t\t\t\t\t\t\t<span class=\"elementor-divider__text elementor-divider__element\">\n\t\t\t\tInformation according to Art. 13 and 14 of the GDPR\t\t\t\t<\/span>\n\t\t\t\t\t\t<\/span>\n\t\t<\/div>\n\t\t\t\t\t\t<\/div>\n\t\t\t\t<\/div>\n\t\t\t\t<div class=\"elementor-element elementor-element-d8b3ef8 elementor-widget elementor-widget-heading\" data-id=\"d8b3ef8\" data-element_type=\"widget\" data-e-type=\"widget\" data-widget_type=\"heading.default\">\n\t\t\t\t<div class=\"elementor-widget-container\">\n\t\t\t\t\t<h2 class=\"elementor-heading-title elementor-size-default\">Website privacy policy<\/h2>\t\t\t\t<\/div>\n\t\t\t\t<\/div>\n\t\t\t\t<div class=\"elementor-element elementor-element-b2db1b2 elementor-widget elementor-widget-text-editor\" data-id=\"b2db1b2\" data-element_type=\"widget\" data-e-type=\"widget\" data-widget_type=\"text-editor.default\">\n\t\t\t\t<div class=\"elementor-widget-container\">\n\t\t\t\t\t\t\t\t\t<h3><span style=\"color: #005fae;\"><strong>Section 1 Information about the collection of personal data<\/strong><\/span><\/h3>\n<p><span class=\"bold\">(1)<\/span> (1) In the following, we provide you with information about the collection of personal data when using our website. Personal data means all data that relates directly to you, for example, your name, address, email addresses and user behaviour.<\/p>\n<p class=\"translation-block\">(2) The Controller according to Article 4 (7) GDPR is \nG.V.S. Gesellschaft f\u00fcr die Verwertung von Sonderabf\u00e4llen mbH &amp; Co. KG<br>\nOtto-Hahn-Strasse 50<br>\n68169 Mannheim<\/p>\n<p>Phone: +49 (0) 621 3221-6<br>Fax: +49 (0) 621 3189070<\/p>\n<p>e-mail: <span class=\"tycoon_ersetze_adresse\" data-value=\"vasb{ng}tif-zn.qr\">info@gvs-ma.de<\/span><br>Internet: www.gvs-ma.de<\/p>\n<p>Our company Data Protection Coordinator can be contacted at datenschutz@gvs-ma.de and at our postal address provided above. <span class=\"tycoon_ersetze_adresse\" data-value=\"qngrafpuhgm{ng}tif-zn.qr\">datenschutz@gvs-ma.de<\/span> und unter unserer o.g. Postadresse erreichbar.<\/p>\n<p class=\"translation-block\">(3) This privacy policy applies to the website and the web pages of G.V.S. Gesellschaft f\u00fcr die Verwertung von Sonderabf\u00e4llen mbH &amp; Co. KG, but not to other internet sites that the user may visit via links. Reference is made to the data protection provisions of the respective legal owners of these websites. In particular, we refer to the privacy policy of Google Inc. regarding the use of the integrated map service Google Maps.<\/p>\n<p class=\"translation-block\">(4) Privacy policy on the use of Facebook plugins (Like button). Our websites integrate plug-ins of the social network Facebook, provider Facebook Inc., 1 Hacker Way, Menlo Park, California 94025 USA. You can recognise the Facebook plug-ins by the Facebook logo or the \u201cLike button\u201d on our website. You can find an overview of Facebook plug-ins here: developers.facebook.com.<br>\nWhen you visit our web pages, the plug-in establishes a direct connection between your browser and the Facebook server. In this way, Facebook receives the information that you have visited our website with your IP address. If you click the Facebook \u201cLike button\u201d while you are logged into your Facebook account, you can link the contents of our websites to your Facebook profile. If you do so, Facebook will be able to assign your visit to our websites to your user account. Please note that we, the website provider, do not have access to the content of the data transferred or to its use by Facebook. For further information, please see the privacy policy of Facebook at en.facebook.com.<br>\nIf you do not want Facebook to be able to assign your visit to our web pages to your Facebook user account, please log out from your Facebook user account.<\/p>\n<p class=\"translation-block\">(6) If you contact us by email or using a contact form, we will store the data provided by you (your email address, your name and your telephone number, if applicable) for the purpose of answering your questions. We shall erase the data collected in this context after its storage is no longer required, or restrict its processing if there are statutory retention obligations.<\/p>\n<h3><span style=\"color: #005fae;\"><strong>Section 2 Your rights<\/strong><\/span><\/h3>\n<p class=\"translation-block\">(1) With regard to your personal data, you have the following rights vis-a-vis our company:<\/p>\n<ul>\n<li>Right to information,<\/li>\n<li>Right to rectification or erasure,<\/li>\n<li>Right to restriction of processing,<\/li>\n<li>Right to object to the processing,<\/li>\n<li>Right to data transferability.<\/li>\n<\/ul>\n<p class=\"translation-block\">(2) You also have the right to lodge a complaint before data protection supervisory authorities concerning the processing of your personal data by us. The corresponding public authority, including address, can be selected under the following link: www.bfdi.bund.de<\/p>\n<h3><span style=\"color: #005fae;\"><strong>Section 3 Collection of personal data when visiting our website<\/strong><\/span><\/h3>\n<p class=\"translation-block\">(1) If you only visit our website for informative purposes, i.e. if you do not register or otherwise transfer information to us, we will only collect the personal data that your browser transfers to our server. If you wish to view our website, we will collect the following data, which is technically necessary for us so that we are able to display our website and ensure its stability and security. The legal basis for this is point (f) of Art. 6(1) GDPR. This relates to the following data:<\/p>\n<ul>\n<li>IP address<\/li>\n<li>Data and time of the request<\/li>\n<li>Time zone difference to Greenwich Mean Time (GMT)<\/li>\n<li>Contents of the request (specific page)<\/li>\n<li>Access status\/HTTP status code<\/li>\n<li>The transferred data volume<\/li>\n<li>Website from which the request originates<\/li>\n<li>Browser<\/li>\n<li>Operating system and its interface<\/li>\n<li>Language and version of the browser software<\/li>\n<\/ul>\n<p class=\"translation-block\">(2) In addition to the aforementioned data, cookies will be saved on your computer when you use our website. Cookies are small text files that are stored on your hard drive, as assigned accordingly by the browser that you use, which allow the corresponding entity that places the cookie (in this case, us) to then receive certain information. Cookies cannot run programmes or transmit viruses to your computer. Their purpose is to make the web offering more user-friendly and effective overall.<\/p>\n<p class=\"translation-block\">(3) Use of cookies:<\/p>\n<p>a) This website uses the following types of cookie, the scope and functionality of which are explained as follows:<\/p>\n<div class=\"table-responsive\">\n<table class=\"table\">\n<thead>\n<tr>\n<th scope=\"col\">Cookie Name<\/th>\n<th scope=\"col\">Ablaufzeit<\/th>\n<th scope=\"col\">Beschreibung<\/th>\n<th scope=\"col\">Cookie Typ<\/th>\n<\/tr>\n<\/thead>\n<tbody>\n<tr>\n<th scope=\"row\">PHPSESSID<\/th>\n<td>Ende der Browsersitzung<\/td>\n<td>Session-Cookie<\/td>\n<td>Transient<\/td>\n<\/tr>\n<tr>\n<th scope=\"row\">PIWIK_SESSID<\/th>\n<td>Ende der Browsersitzung<\/td>\n<td>Matomo Session-Cookie<\/td>\n<td>Transient<\/td>\n<\/tr>\n<tr>\n<th scope=\"row\">cookieControl<\/th>\n<td>1 Jahr<\/td>\n<td>Antwort des Cookie-Hinweis<\/td>\n<td>Persistent<\/td>\n<\/tr>\n<tr>\n<th scope=\"row\">cookieControlPrefs<\/th>\n<td>1 Jahr<\/td>\n<td>Antwort der Cookie-Einstellung<\/td>\n<td>Persistent<\/td>\n<\/tr>\n<tr>\n<th scope=\"row\">_pk_id.*<\/th>\n<td>1 Monat<\/td>\n<td>Matomo Seiten-ID<\/td>\n<td>Persistent<\/td>\n<\/tr>\n<tr>\n<th scope=\"row\">_pk_ses.*<\/th>\n<td>30 Minuten<\/td>\n<td>Matomo Session-Cookie<\/td>\n<td>Persistent<\/td>\n<\/tr>\n<tr>\n<th scope=\"row\">piwik_ignore<\/th>\n<td>2 Jahre<\/td>\n<td>Matomo Opt-Out-Cookie<\/td>\n<td>Persistent<\/td>\n<\/tr>\n<\/tbody>\n<\/table>\n<\/div>\n<p>b) Transient cookies are automatically erased when you close your browser. These include, in particular, session cookies. They store the \u201csession ID\u201d with which various requests from your browser can be assigned to the joint session. This will allow your computer to be recognised if you return to our website. Session cookies are erased as soon as you log out or close your browser.<\/p>\n<p>c) Persistent cookies are automatically erased after a set period of time, which may differ depending on the cookie. You can erase the cookies in the security settings of your browser at any time.<\/p>\n<p>d) You can configure your browser setting according to your requirements and can, for example, decline the acceptance of third-party cookies or all cookies. However, we would like to draw your attention to the fact that you may not be able to use all functions of this website in this case.<\/p>\n<p>e) We use cookies so that we can identify you on subsequent visits you make to our website, if you have an account with us. Otherwise, you are required to log in again for every visit.<\/p>\n<p class=\"translation-block\">f) This website uses the Open Source web analytics service Matomo. Matomo uses \u201ccookies\u201d. These are text files stored on your computer which allow an analysis of how you use our website. In this context, the information regarding your use of this website which is generated by the cookie is saved on our server. Before the saving process, the IP address is anonymised. The information regarding your use of this website will not be forwarded to third parties. You can prevent the storage of such cookies by changing the settings of your browser software accordingly; however, we would like to draw your attention to the fact that, in this case, you might not be able to use all functions of this website to the fullest extent. If you do not agree with the storage and use of your data, you can deactivate its storage and use here. In this case, an \u201copt-out cookie\u201d is placed on your browser which prevents Matomo from collecting user data. If you erase your cookies, this will have the effect that the Matomo opt-out cookie will also be erased. The opt-out must be reactivated when you visit our site again.<\/p>\n<h3><span style=\"color: #005fae;\"><strong>Section 4 Objection to or withdrawal of your consent to the processing of your data<\/strong><\/span><\/h3>\n<p class=\"translation-block\">(1) If you have provided us with your consent to the processing of your data, you may withdraw such consent at any time. Such a withdrawal affects the legitimacy of the processing of your personal data after it has been declared. In this respect, the lawfulness of the data processing prior to the withdrawal of consent remains unaffected.<\/p>\n<p class=\"translation-block\">(2) Insofar as we justify the processing of your personal data on the basis of a weighing of interests, you may submit an objection to the processing. This is particularly relevant to cases in which the processing is not necessary for fulfilling a contract with you, which we will clarify in each case in the following description of the functions. When exerting such a right to object, we ask you to explain the reasons why we should not process your personal data, such as this is carried out by us. In case of your justified objection, we will check the facts and either discontinue the data processing and\/or adjust it or give you our compelling legitimate reasons, on the basis of which we will continue with the processing.<\/p>\n<p><span class=\"bold\">(3)<\/span> (3) It goes without saying that you can object to the processing of your personal data for the purposes of advertising and data analysis at any time. You can notify us of your objection to the use of your data for advertising purposes using the following contact information datenschutz@gvs-ma.de or by post to<br>\nLIMOT GmbH &amp; Co KG L\u00fcftungstechnik<br>\nDainbacher Weg 21<br>\nD-97980 Bad Mergentheim,<br>\nData protection department <span class=\"tycoon_ersetze_adresse\" data-value=\"qngrafpuhgm{ng}tif-zn.qr\">datenschutz@gvs-ma.de<\/span>&nbsp;<br><br><\/p>\n<h3><span style=\"color: #005fae;\"><strong>Section 5 Information<\/strong><\/span><\/h3>\n<p class=\"translation-block\">In accordance with Art. 13 and 14, we refer to our information obligations. We will be pleased to send you these on request. Please send your request to <span class=\"tycoon_ersetze_adresse\" data-value=\"qngrafpuhgm{ng}tif-zn.qr\">datenschutz@gvs-ma.de<\/span> .<\/p>\t\t\t\t\t\t\t\t<\/div>\n\t\t\t\t<\/div>\n\t\t\t\t\t<\/div>\n\t\t<\/div>\n\t\t\t\t\t<\/div>\n\t\t<\/section>\n\t\t\t\t<\/div>","protected":false},"excerpt":{"rendered":"<p>Datenschutzerkl\u00e4rung Information gem. Artikel 13 und 14 der DS-GVO Datenschutzerkl\u00e4rung f\u00fcr Website \u00a7 1 Information \u00fcber die Erhebung personenbezogener Daten (1) Im Folgenden informieren wir \u00fcber die Erhebung personenbezogener Daten bei Nutzung unserer Website. Personenbezogene Daten sind alle Daten, die auf Sie pers\u00f6nlich beziehbar sind, z. B. Name, Adresse, E-Mail-Adressen, Nutzerverhalten. (2) Verantwortlicher gem\u00e4\u00df Artikel [&hellip;]<\/p>\n","protected":false},"author":1,"featured_media":0,"parent":0,"menu_order":0,"comment_status":"closed","ping_status":"closed","template":"elementor_header_footer","meta":{"footnotes":""},"class_list":["post-2095","page","type-page","status-publish","hentry"],"_links":{"self":[{"href":"https:\/\/gvs-ma.de\/en\/wp-json\/wp\/v2\/pages\/2095","targetHints":{"allow":["GET"]}}],"collection":[{"href":"https:\/\/gvs-ma.de\/en\/wp-json\/wp\/v2\/pages"}],"about":[{"href":"https:\/\/gvs-ma.de\/en\/wp-json\/wp\/v2\/types\/page"}],"author":[{"embeddable":true,"href":"https:\/\/gvs-ma.de\/en\/wp-json\/wp\/v2\/users\/1"}],"replies":[{"embeddable":true,"href":"https:\/\/gvs-ma.de\/en\/wp-json\/wp\/v2\/comments?post=2095"}],"version-history":[{"count":41,"href":"https:\/\/gvs-ma.de\/en\/wp-json\/wp\/v2\/pages\/2095\/revisions"}],"predecessor-version":[{"id":11283,"href":"https:\/\/gvs-ma.de\/en\/wp-json\/wp\/v2\/pages\/2095\/revisions\/11283"}],"wp:attachment":[{"href":"https:\/\/gvs-ma.de\/en\/wp-json\/wp\/v2\/media?parent=2095"}],"curies":[{"name":"wp","href":"https:\/\/api.w.org\/{rel}","templated":true}]}}