{"id":8637,"date":"2022-02-24T10:18:13","date_gmt":"2022-02-24T08:18:13","guid":{"rendered":"https:\/\/gvs-ma.de\/?page_id=8637"},"modified":"2022-05-20T15:47:43","modified_gmt":"2022-05-20T13:47:43","slug":"disclamer","status":"publish","type":"page","link":"https:\/\/gvs-ma.de\/en\/disclamer\/","title":{"rendered":"Disclaimer"},"content":{"rendered":"<div data-elementor-type=\"wp-page\" data-elementor-id=\"8637\" class=\"elementor elementor-8637\" data-elementor-post-type=\"page\">\n\t\t\t\t\t\t<section class=\"elementor-section elementor-top-section elementor-element elementor-element-7888d52 elementor-section-height-min-height elementor-section-boxed elementor-section-height-default elementor-section-items-middle\" data-id=\"7888d52\" data-element_type=\"section\" data-e-type=\"section\" data-settings=\"{&quot;background_background&quot;:&quot;classic&quot;,&quot;shape_divider_bottom&quot;:&quot;opacity-tilt&quot;}\">\n\t\t\t\t\t\t\t<div class=\"elementor-background-overlay\"><\/div>\n\t\t\t\t\t\t<div class=\"elementor-shape elementor-shape-bottom\" aria-hidden=\"true\" data-negative=\"false\">\n\t\t\t<svg xmlns=\"http:\/\/www.w3.org\/2000\/svg\" viewbox=\"0 0 2600 131.1\" preserveaspectratio=\"none\">\n\t<path class=\"elementor-shape-fill\" d=\"M0 0L2600 0 2600 69.1 0 0z\"\/>\n\t<path class=\"elementor-shape-fill\" style=\"opacity:0.5\" d=\"M0 0L2600 0 2600 69.1 0 69.1z\"\/>\n\t<path class=\"elementor-shape-fill\" style=\"opacity:0.25\" d=\"M2600 0L0 0 0 130.1 2600 69.1z\"\/>\n<\/svg>\t\t<\/div>\n\t\t\t\t\t<div class=\"elementor-container elementor-column-gap-default\">\n\t\t\t\t\t<div class=\"elementor-column elementor-col-100 elementor-top-column elementor-element elementor-element-a349cc0\" data-id=\"a349cc0\" data-element_type=\"column\" data-e-type=\"column\" data-settings=\"{&quot;background_background&quot;:&quot;classic&quot;}\">\n\t\t\t<div class=\"elementor-widget-wrap elementor-element-populated\">\n\t\t\t\t\t\t<div class=\"elementor-element elementor-element-9d7029a elementor-widget elementor-widget-heading\" data-id=\"9d7029a\" data-element_type=\"widget\" data-e-type=\"widget\" data-widget_type=\"heading.default\">\n\t\t\t\t<div class=\"elementor-widget-container\">\n\t\t\t\t\t<h1 class=\"elementor-heading-title elementor-size-default\">Disclaimer<\/h1>\t\t\t\t<\/div>\n\t\t\t\t<\/div>\n\t\t\t\t\t<\/div>\n\t\t<\/div>\n\t\t\t\t\t<\/div>\n\t\t<\/section>\n\t\t\t\t<section class=\"elementor-section elementor-top-section elementor-element elementor-element-890a0ba elementor-section-boxed elementor-section-height-default elementor-section-height-default\" data-id=\"890a0ba\" data-element_type=\"section\" data-e-type=\"section\" data-settings=\"{&quot;background_background&quot;:&quot;classic&quot;}\">\n\t\t\t\t\t\t<div class=\"elementor-container elementor-column-gap-default\">\n\t\t\t\t\t<div class=\"elementor-column elementor-col-100 elementor-top-column elementor-element elementor-element-198cc19\" data-id=\"198cc19\" data-element_type=\"column\" data-e-type=\"column\">\n\t\t\t<div class=\"elementor-widget-wrap elementor-element-populated\">\n\t\t\t\t\t\t<div class=\"elementor-element elementor-element-7eecb7e elementor-widget-divider--view-line_text elementor-widget-divider--element-align-left separetor elementor-invisible elementor-widget elementor-widget-divider\" data-id=\"7eecb7e\" data-element_type=\"widget\" data-e-type=\"widget\" data-settings=\"{&quot;_animation&quot;:&quot;slideInUp&quot;,&quot;_animation_delay&quot;:300}\" data-widget_type=\"divider.default\">\n\t\t\t\t<div class=\"elementor-widget-container\">\n\t\t\t\t\t\t\t<div class=\"elementor-divider\">\n\t\t\t<span class=\"elementor-divider-separator\">\n\t\t\t\t\t\t\t<span class=\"elementor-divider__text elementor-divider__element\">\n\t\t\t\tDisclaimer\t\t\t\t<\/span>\n\t\t\t\t\t\t<\/span>\n\t\t<\/div>\n\t\t\t\t\t\t<\/div>\n\t\t\t\t<\/div>\n\t\t\t\t<div class=\"elementor-element elementor-element-96b44a8 elementor-widget elementor-widget-heading\" data-id=\"96b44a8\" data-element_type=\"widget\" data-e-type=\"widget\" data-widget_type=\"heading.default\">\n\t\t\t\t<div class=\"elementor-widget-container\">\n\t\t\t\t\t<h2 class=\"elementor-heading-title elementor-size-default\">Gender-sensitive language<\/h2>\t\t\t\t<\/div>\n\t\t\t\t<\/div>\n\t\t\t\t<div class=\"elementor-element elementor-element-0f1a0e2 elementor-widget elementor-widget-text-editor\" data-id=\"0f1a0e2\" data-element_type=\"widget\" data-e-type=\"widget\" data-widget_type=\"text-editor.default\">\n\t\t\t\t<div class=\"elementor-widget-container\">\n\t\t\t\t\t\t\t\t\t<p>Exclusively for the purpose of better comprehensibility and readability, a consistently and explicitly gender-neutral notation is omitted. All personal designations on the website (and all included documents) are to be understood as gender-neutral, and do not therefore represent any discrimination against the female\/third gender. Furthermore, G.V.S. Gesellschaft f\u00fcr die Verwertung von Sonderabf\u00e4llen mbH &amp; Co. KG endeavours to continuously develop the form of language used in accordance with the recommendations of the Council for German Orthography and the German Language Society e. V.<\/p>\t\t\t\t\t\t\t\t<\/div>\n\t\t\t\t<\/div>\n\t\t\t\t\t<\/div>\n\t\t<\/div>\n\t\t\t\t\t<\/div>\n\t\t<\/section>\n\t\t\t\t<\/div>","protected":false},"excerpt":{"rendered":"<p>Disclaimer Disclaimer Geschlechtergerechte Sprache Ausschlie\u00dflich zum Zweck der besseren Verst\u00e4ndlich- und Lesbarkeit wird auf eine durchgehend und explizit geschlechterneutrale Schreibweise verzichtet. Alle personenbezogenen Bezeichnungen auf der Website (und alle eingebundenen Dokumente) sind als geschlechtsneutral zu verstehen und stellen somit keine Benachteiligung des weiblichen\/dritten Geschlechts dar. Im \u00dcbrigen bem\u00fcht sich die G.V.S. Gesellschaft f\u00fcr die Verwertung [&hellip;]<\/p>\n","protected":false},"author":2,"featured_media":0,"parent":0,"menu_order":0,"comment_status":"closed","ping_status":"closed","template":"","meta":{"footnotes":""},"class_list":["post-8637","page","type-page","status-publish","hentry"],"_links":{"self":[{"href":"https:\/\/gvs-ma.de\/en\/wp-json\/wp\/v2\/pages\/8637","targetHints":{"allow":["GET"]}}],"collection":[{"href":"https:\/\/gvs-ma.de\/en\/wp-json\/wp\/v2\/pages"}],"about":[{"href":"https:\/\/gvs-ma.de\/en\/wp-json\/wp\/v2\/types\/page"}],"author":[{"embeddable":true,"href":"https:\/\/gvs-ma.de\/en\/wp-json\/wp\/v2\/users\/2"}],"replies":[{"embeddable":true,"href":"https:\/\/gvs-ma.de\/en\/wp-json\/wp\/v2\/comments?post=8637"}],"version-history":[{"count":20,"href":"https:\/\/gvs-ma.de\/en\/wp-json\/wp\/v2\/pages\/8637\/revisions"}],"predecessor-version":[{"id":11133,"href":"https:\/\/gvs-ma.de\/en\/wp-json\/wp\/v2\/pages\/8637\/revisions\/11133"}],"wp:attachment":[{"href":"https:\/\/gvs-ma.de\/en\/wp-json\/wp\/v2\/media?parent=8637"}],"curies":[{"name":"wp","href":"https:\/\/api.w.org\/{rel}","templated":true}]}}